{"id":8772,"date":"2025-05-14T11:16:03","date_gmt":"2025-05-14T11:16:03","guid":{"rendered":"https:\/\/www.lux-taxi.com\/politique-de-confidentialite\/"},"modified":"2025-05-20T10:54:07","modified_gmt":"2025-05-20T10:54:07","slug":"politique-de-confidentialite","status":"publish","type":"page","link":"https:\/\/www.lux-taxi.com\/fr\/politique-de-confidentialite\/","title":{"rendered":"Politique de confidentialit\u00e9"},"content":{"rendered":"<h2 class=\"entry-title main_title\">Politique de confidentialit\u00e9<\/h2>\n<div class=\"entry-content\">\n<p>FairTransfert S\u00e0rl, situ\u00e9e Chemin des Lentilli\u00e8res 11, est l\u2019exploitant de ce site web, accessible \u00e0 l\u2019adresse https:\/\/www.lux-taxi.com, ainsi que le prestataire des services propos\u00e9s et d\u00e9crits sur ce site.<\/p>\n<p>FairTransfert S\u00e0rl est responsable de la collecte, du traitement et de l\u2019utilisation de vos donn\u00e9es personnelles, et s\u2019engage \u00e0 respecter la l\u00e9gislation suisse ainsi que, le cas \u00e9ch\u00e9ant, le droit europ\u00e9en en mati\u00e8re de protection des donn\u00e9es.<\/p>\n<p>La protection de vos donn\u00e9es personnelles est une priorit\u00e9 pour nous. Nous les traitons de mani\u00e8re confidentielle, conform\u00e9ment aux dispositions l\u00e9gales en vigueur en mati\u00e8re de protection des donn\u00e9es, ainsi qu\u2019\u00e0 la pr\u00e9sente politique de confidentialit\u00e9. Ce document vous informe des donn\u00e9es collect\u00e9es sur ce site, de leur utilisation, et vous explique comment v\u00e9rifier leur exactitude ou demander leur suppression.<\/p>\n<p>En collaboration avec nos prestataires d\u2019h\u00e9bergement :<br \/>\n\u2022 Support Infomaniak, Infomaniak Network SA<br \/>\n\u2022 Rue Eug\u00e8ne-Marziano 25 \u2013 1227 Les Acacias \u2013 SUISSE<br \/>\n\u2022 abuse@infomaniak.ch<br \/>\n\u2022 +41 22 820 35 44<\/p>\n<p>Nous nous effor\u00e7ons de prot\u00e9ger au mieux nos bases de donn\u00e9es contre tout acc\u00e8s non autoris\u00e9, toute perte, utilisation abusive ou falsification. Toutefois, nous rappelons que la transmission de donn\u00e9es sur Internet (par exemple, la communication par e-mail) peut comporter des failles de s\u00e9curit\u00e9. Une protection totale des donn\u00e9es contre l\u2019acc\u00e8s de tiers ne peut \u00eatre garantie.<\/p>\n<p>En utilisant ce site, vous consentez \u00e0 la collecte, au traitement et \u00e0 l\u2019utilisation des donn\u00e9es conform\u00e9ment \u00e0 la pr\u00e9sente politique. Ce site peut \u00eatre consult\u00e9 sans inscription pr\u00e9alable. Certaines donn\u00e9es telles que les pages consult\u00e9es, le nom des fichiers consult\u00e9s, la date et l\u2019heure sont enregistr\u00e9es sur le serveur \u00e0 des fins statistiques, sans \u00eatre directement li\u00e9es \u00e0 votre identit\u00e9. Les donn\u00e9es personnelles, telles que le nom, l\u2019adresse ou l\u2019adresse e-mail, ne sont collect\u00e9es que dans la mesure du possible sur une base volontaire. Ces donn\u00e9es ne seront pas transmises \u00e0 des tiers sans votre consentement.<\/p>\n<h2>1. CHAMP D\u2019APPLICATION<\/h2>\n<p>Les donn\u00e9es personnelles sont toutes les informations se rapportant \u00e0 une personne identifi\u00e9e ou identifiable. Une personne concern\u00e9e est une personne dont les donn\u00e9es personnelles font l\u2019objet d\u2019un traitement. Le traitement inclut toute op\u00e9ration relative aux donn\u00e9es personnelles, quels que soient les moyens et proc\u00e9dures utilis\u00e9s, notamment la conservation, la communication, la consultation, la suppression, l\u2019enregistrement, la modification, la destruction ou l\u2019utilisation des donn\u00e9es.<\/p>\n<p>Nous traitons les donn\u00e9es personnelles conform\u00e9ment \u00e0 la l\u00e9gislation suisse sur la protection des donn\u00e9es. Dans la mesure o\u00f9 le R\u00e8glement g\u00e9n\u00e9ral sur la protection des donn\u00e9es de l\u2019Union europ\u00e9enne (RGPD) est applicable, nous traitons \u00e9galement les donn\u00e9es personnelles conform\u00e9ment aux dispositions suivantes de l\u2019article 6, paragraphe 1 du RGPD :<\/p>\n<p>Point a) : traitement des donn\u00e9es personnelles avec le consentement de la personne concern\u00e9e.<br \/>\nPoint b) : traitement des donn\u00e9es personnelles n\u00e9cessaire \u00e0 l\u2019ex\u00e9cution d\u2019un contrat ou \u00e0 la mise en \u0153uvre de mesures pr\u00e9contractuelles.<br \/>\nPoint c) : traitement des donn\u00e9es personnelles n\u00e9cessaire au respect d\u2019une obligation l\u00e9gale \u00e0 laquelle nous sommes soumis, en vertu du droit de l\u2019UE ou du droit national applicable lorsque le RGPD s\u2019applique en tout ou en partie.<br \/>\nPoint d) : traitement des donn\u00e9es personnelles n\u00e9cessaire \u00e0 la sauvegarde des int\u00e9r\u00eats vitaux de la personne concern\u00e9e ou d\u2019une autre personne physique.<br \/>\nPoint f) : traitement des donn\u00e9es personnelles fond\u00e9 sur notre int\u00e9r\u00eat l\u00e9gitime ou celui de tiers, sauf si les droits et libert\u00e9s fondamentaux de la personne concern\u00e9e pr\u00e9valent. Ces int\u00e9r\u00eats l\u00e9gitimes comprennent notamment notre int\u00e9r\u00eat \u00e9conomique \u00e0 proposer notre site web, \u00e0 garantir la s\u00e9curit\u00e9 des informations, \u00e0 faire valoir nos droits et \u00e0 respecter le droit suisse.<\/p>\n<p>Nous traitons les donn\u00e9es personnelles pendant la dur\u00e9e strictement n\u00e9cessaire aux finalit\u00e9s pour lesquelles elles ont \u00e9t\u00e9 collect\u00e9es. En cas d\u2019obligation l\u00e9gale ou r\u00e9glementaire de conservation prolong\u00e9e, le traitement des donn\u00e9es est limit\u00e9 en cons\u00e9quence.<\/p>\n<h2>2. COLLECTE, UTILISATION ET TRAITEMENT DES DONN\u00c9ES PERSONNELLES<\/h2>\n<h3>2.1 Lors de votre visite sur notre site web<\/h3>\n<p>Lorsque vous consultez notre site web, certaines donn\u00e9es sont automatiquement enregistr\u00e9es sur nos serveurs, ou sur ceux de prestataires de services et produits que nous utilisons et\/ou avons install\u00e9s. Ces donn\u00e9es sont recueillies \u00e0 des fins d\u2019administration du syst\u00e8me, de statistiques, de s\u00e9curit\u00e9 ou de suivi. Les informations collect\u00e9es peuvent inclure les \u00e9l\u00e9ments suivants :<\/p>\n<ul>\n<li>le nom de votre fournisseur d\u2019acc\u00e8s \u00e0 Internet,<\/li>\n<li>votre adresse IP (dans certaines circonstances),<\/li>\n<li>la version de votre navigateur,<\/li>\n<li>le syst\u00e8me d\u2019exploitation de l\u2019appareil utilis\u00e9 pour acc\u00e9der \u00e0 notre site,<\/li>\n<li>la date,<\/li>\n<li>l\u2019heure,<\/li>\n<li>le site web \u00e0 partir duquel vous avez acc\u00e9d\u00e9 \u00e0 notre site<\/li>\n<li>les mots-cl\u00e9s que vous avez utilis\u00e9s pour trouver notre site web<\/li>\n<li>Ces donn\u00e9es sont collect\u00e9es de mani\u00e8re anonyme dans la mesure du possible et ne sont pas directement associ\u00e9es \u00e0 votre identit\u00e9.<\/li>\n<\/ul>\n<h3>2.2 Ex\u00e9cution et traitement des commandes<\/h3>\n<p>Lorsque vous commandez nos services ou produits, nous collectons et utilisons des donn\u00e9es personnelles vous concernant, telles que votre pr\u00e9nom, nom, adresse, adresse e-mail, informations de paiement, et \u00e9ventuellement d\u2019autres donn\u00e9es comme votre num\u00e9ro de t\u00e9l\u00e9phone ou votre date de naissance, ainsi que toute information que vous fournissez volontairement. Vos donn\u00e9es peuvent \u00e9galement \u00eatre enrichies par des informations obtenues aupr\u00e8s de tiers.<\/p>\n<p>En commandant nos services ou produits et en saisissant vos donn\u00e9es sur notre site web, vous consentez \u00e0 ce que celles-ci soient utilis\u00e9es \u00e0 des fins li\u00e9es \u00e0 l\u2019ex\u00e9cution du service.<\/p>\n<h3>2.3 Tiers<\/h3>\n<p>Vos donn\u00e9es peuvent \u00eatre transmises \u00e0 nos partenaires (tiers) dans la mesure o\u00f9 cela est n\u00e9cessaire pour le traitement de vos commandes. Si nous transmettons des donn\u00e9es \u00e0 des prestataires externes, des mesures techniques et organisationnelles sont mises en place afin de garantir que cette transmission respecte les dispositions l\u00e9gales en mati\u00e8re de protection des donn\u00e9es.<br \/>\nSi vous nous transmettez volontairement des donn\u00e9es personnelles ou professionnelles, nous ne les utiliserons, traiterons ou transmettrons que dans les limites autoris\u00e9es par la loi ou conform\u00e9ment au consentement que vous nous avez donn\u00e9. Nous ne transmettons vos donn\u00e9es \u00e0 des prestataires externes que dans la mesure n\u00e9cessaire \u00e0 l\u2019ex\u00e9cution du contrat et uniquement si ces derniers se sont engag\u00e9s \u00e0 respecter les obligations de confidentialit\u00e9 et de diligence.<br \/>\nPar ailleurs, nous ne divulguerons vos donn\u00e9es que si la loi ou une injonction officielle ou judiciaire nous y oblige.<\/p>\n<p>Nous pouvons \u00e9galement faire appel \u00e0 des publicit\u00e9s de tiers sur notre site afin de soutenir nos activit\u00e9s. Certains de ces annonceurs peuvent utiliser des technologies telles que les cookies (voir section Cookies ci-dessous) lorsqu\u2019ils diffusent des annonces sur notre site. Cela peut permettre \u00e0 ces annonceurs (comme Google via le programme Google AdSense) de collecter certaines informations, telles que votre adresse IP, le navigateur utilis\u00e9 ou la pr\u00e9sence \u00e9ventuelle de Flash. Ces donn\u00e9es sont g\u00e9n\u00e9ralement utilis\u00e9es \u00e0 des fins de g\u00e9ociblage (par exemple, afficher des annonces immobili\u00e8res \u00e0 Zurich pour un utilisateur situ\u00e9 \u00e0 Zurich) ou pour afficher des annonces en fonction des sites visit\u00e9s (comme des annonces de voitures pour une personne consultant fr\u00e9quemment des sites automobiles).<\/p>\n<p>En continuant \u00e0 utiliser notre site web et\/ou en acceptant cette politique de confidentialit\u00e9, vous consentez \u00e0 l\u2019utilisation de vos donn\u00e9es personnelles \u00e0 des fins publicitaires par des tiers. Si vous ne souhaitez pas que vos donn\u00e9es soient utilis\u00e9es \u00e0 ces fins, vous pouvez retirer votre consentement \u00e0 tout moment en nous \u00e9crivant \u00e0 info@swissairporttransfers.ch ou en modifiant les param\u00e8tres de votre navigateur (voir section Cookies).<\/p>\n<h3>2.4 Cookies<\/h3>\n<p>Nous utilisons g\u00e9n\u00e9ralement des cookies sur notre site web. Il s&rsquo;agit de petits fichiers texte enregistr\u00e9s par votre navigateur, contenant certains param\u00e8tres et donn\u00e9es permettant un \u00e9change avec notre serveur web. Cette technologie nous permet de reconna\u00eetre les utilisateurs individuels en tant que visiteurs (r\u00e9currents) et de leur proposer des services et produits personnalis\u00e9s. L\u2019utilisation des cookies vise en g\u00e9n\u00e9ral \u00e0 am\u00e9liorer nos services, \u00e0 les rendre plus efficaces et plus s\u00fbrs. Certains cookies peuvent \u00e9galement \u00eatre indispensables, par exemple pour l\u2019utilisation d\u2019un panier d\u2019achat ou pour le traitement des paiements. Un cookie ne signifie pas n\u00e9cessairement que nous pouvons vous identifier.<\/p>\n<p>Vous pouvez configurer votre navigateur de mani\u00e8re \u00e0 ce qu\u2019aucun cookie ne soit enregistr\u00e9 sur votre appareil. Toutefois, la d\u00e9sactivation compl\u00e8te des cookies peut entra\u00eener un dysfonctionnement de certaines fonctionnalit\u00e9s de notre site.<\/p>\n<p>En continuant \u00e0 utiliser notre site web et\/ou en acceptant cette politique de confidentialit\u00e9, vous consentez \u00e0 l\u2019utilisation de cookies par nos soins pour collecter, stocker et exploiter vos donn\u00e9es d\u2019utilisation personnelles au-del\u00e0 de la fin de votre session de navigation. Vous pouvez r\u00e9voquer ce consentement \u00e0 tout moment en configurant votre navigateur pour bloquer les cookies tiers.<\/p>\n<h3>2.5 Newsletter<\/h3>\n<p>Si vous vous abonnez \u00e0 notre newsletter, vous acceptez que nous utilisions les donn\u00e9es que vous avez fournies \u2014 telles que votre pr\u00e9nom, nom, adresse, adresse e-mail ainsi que toute information saisie volontairement dans votre profil utilisateur \u2014 afin de vous envoyer notre newsletter.<\/p>\n<h3>2.6 Outils d\u2019analyse<\/h3>\n<p>Notre site web peut utiliser Google Analytics, un service d\u2019analyse web fourni par Google Inc., 1600 Amphitheatre Parkway, Mountain View, CA 94043, \u00c9tats-Unis. Google Analytics utilise des \u00ab cookies \u00bb, qui sont des fichiers texte plac\u00e9s sur votre navigateur, afin d\u2019aider \u00e0 analyser l\u2019utilisation du site par ses utilisateurs (voir section Cookies ci-dessus). Les informations g\u00e9n\u00e9r\u00e9es par ces cookies (type et version du navigateur, syst\u00e8me d\u2019exploitation utilis\u00e9, URL de r\u00e9f\u00e9rence \/ site pr\u00e9c\u00e9demment visit\u00e9, adresse IP, heure de la requ\u00eate serveur) sont g\u00e9n\u00e9ralement transmises \u00e0 un serveur de Google aux \u00c9tats-Unis, o\u00f9 elles sont stock\u00e9es. Cependant, si l\u2019anonymisation IP est activ\u00e9e sur notre site, votre adresse IP sera d\u2019abord raccourcie par Google au sein des \u00c9tats membres de l\u2019Union europ\u00e9enne ou dans d\u2019autres pays signataires de l\u2019accord sur l\u2019Espace \u00e9conomique europ\u00e9en. Ce n\u2019est que dans des cas exceptionnels que l\u2019adresse IP compl\u00e8te sera transmise \u00e0 un serveur de Google aux \u00c9tats-Unis et raccourcie sur place.<\/p>\n<p>Google utilise ces informations pour \u00e9valuer votre utilisation du site, compiler des rapports sur l\u2019activit\u00e9 du site \u00e0 destination de ses exploitants, et fournir d\u2019autres services li\u00e9s \u00e0 l\u2019activit\u00e9 du site et \u00e0 l\u2019utilisation d\u2019Internet. Google peut \u00e9galement transmettre ces informations \u00e0 des tiers lorsque la loi l\u2019exige ou lorsque ces tiers traitent les donn\u00e9es pour le compte de Google. L\u2019adresse IP transmise par votre navigateur dans le cadre de Google Analytics n\u2019est pas recoup\u00e9e avec d\u2019autres donn\u00e9es d\u00e9tenues par Google.<\/p>\n<p>Vous pouvez refuser l\u2019utilisation des cookies en modifiant les param\u00e8tres de votre navigateur ; veuillez noter, cependant, que cela pourrait limiter certaines fonctionnalit\u00e9s du site. En utilisant ce site, vous consentez au traitement de vos donn\u00e9es par Google de la mani\u00e8re et aux fins d\u00e9crites ci-dessus.<br \/>\nPour plus d\u2019informations sur ce service d\u2019analyse web, consultez le site de Google Analytics. Vous pouvez emp\u00eacher le traitement de vos donn\u00e9es en suivant les instructions disponibles \u00e0 l\u2019adresse suivante :<br \/>\nhttp:\/\/tools.google.com\/dlpage\/gaoptout?hl=fr<\/p>\n<h3>2.7 Plug-ins de r\u00e9seaux sociaux<\/h3>\n<p>Nous utilisons certains plug-ins sociaux sur notre site web afin de renforcer la visibilit\u00e9 de notre entreprise \u00e0 des fins publicitaires. Le respect des r\u00e9glementations en mati\u00e8re de protection des donn\u00e9es incombe aux fournisseurs respectifs de ces r\u00e9seaux sociaux. Le traitement des donn\u00e9es associ\u00e9 \u00e0 l\u2019utilisation de ces plug-ins s\u2019effectue avec votre consentement, d\u00e8s lors que vous interagissez avec ces outils.<\/p>\n<p>Si vous utilisez les services de ces r\u00e9seaux sociaux de mani\u00e8re ind\u00e9pendante ou en lien avec notre site, ceux-ci peuvent analyser votre utilisation du plug-in. Dans ce cas, des informations concernant votre interaction avec le plug-in sont transmises directement aux r\u00e9seaux sociaux concern\u00e9s.<\/p>\n<p><strong>Facebook<\/strong><\/p>\n<p>Notre site web utilise des plug-ins du r\u00e9seau social Facebook, propos\u00e9s par Facebook Inc. Les plug-ins Facebook sont identifiables gr\u00e2ce au logo Facebook ou aux mentions \u00ab\u202fJ\u2019aime\u202f\u00bb ou \u00ab\u202fPartager\u202f\u00bb. Un aper\u00e7u des plug-ins Facebook et de leur apparence est disponible \u00e0 l\u2019adresse suivante : https:\/\/developers.facebook.com\/docs\/plugins.<\/p>\n<p>Lorsque vous acc\u00e9dez \u00e0 une page de notre site contenant un tel plug-in, votre navigateur \u00e9tablit une connexion directe avec les serveurs de Facebook. Le contenu du plug-in est alors transmis directement par Facebook \u00e0 votre navigateur, qui l\u2019int\u00e8gre dans la page consult\u00e9e.<\/p>\n<p>Gr\u00e2ce \u00e0 cette int\u00e9gration, Facebook est inform\u00e9 que votre navigateur a acc\u00e9d\u00e9 \u00e0 la page correspondante de notre site, m\u00eame si vous ne poss\u00e9dez pas de compte Facebook ou si vous n\u2019\u00eates pas connect\u00e9 \u00e0 Facebook. Ces informations (y compris votre adresse IP) sont transmises directement depuis votre navigateur \u00e0 un serveur de Facebook situ\u00e9 aux \u00c9tats-Unis, o\u00f9 elles sont stock\u00e9es.<\/p>\n<p>Si vous \u00eates connect\u00e9 \u00e0 Facebook, Facebook peut associer votre visite sur notre site directement \u00e0 votre profil Facebook. Si vous interagissez avec les plug-ins \u2014 par exemple en cliquant sur le bouton \u00ab\u202fJ\u2019aime\u202f\u00bb \u2014 l\u2019information correspondante est \u00e9galement transmise \u00e0 un serveur Facebook, o\u00f9 elle est enregistr\u00e9e. Elle pourra \u00e9galement \u00eatre publi\u00e9e sur votre profil et visible par vos amis Facebook.<\/p>\n<p>Pour en savoir plus sur la finalit\u00e9 et l\u2019\u00e9tendue de la collecte de donn\u00e9es, leur traitement ult\u00e9rieur et leur utilisation par Facebook, ainsi que sur vos droits et les param\u00e8tres possibles pour prot\u00e9ger votre vie priv\u00e9e, veuillez consulter la politique de confidentialit\u00e9 de Facebook : www.facebook.com\/policy.php.<\/p>\n<p><strong>Twitter<\/strong><\/p>\n<p>Des plug-ins du r\u00e9seau de microblogging Twitter Inc. sont \u00e9galement int\u00e9gr\u00e9s \u00e0 notre site web. Vous pouvez reconna\u00eetre ces plug-ins gr\u00e2ce au bouton \u00ab\u202fTwitter\u202f\u00bb accompagn\u00e9 du logo Twitter et de la mention \u00ab\u202fTwitter\u202f\u00bb. Lorsque vous acc\u00e9dez \u00e0 une page de notre site contenant un tel plug-in, votre navigateur \u00e9tablit une connexion directe avec les serveurs de Twitter. Twitter est alors inform\u00e9 que vous avez consult\u00e9 notre site avec votre adresse IP. Si vous \u00eates connect\u00e9 \u00e0 votre compte Twitter et que vous cliquez sur le bouton Twitter, vous pouvez partager le contenu de nos pages directement sur votre profil Twitter. Cela permet \u00e0 Twitter d\u2019associer votre visite sur notre site \u00e0 votre compte utilisateur.<\/p>\n<p>Nous tenons \u00e0 pr\u00e9ciser qu\u2019en tant qu\u2019\u00e9diteur du site, nous n\u2019avons aucune connaissance du contenu des donn\u00e9es transmises ni de l\u2019usage qui en est fait par Twitter.<br \/>\nVous trouverez de plus amples informations \u00e0 ce sujet ici : http:\/\/twitter.com\/privacy.<\/p>\n<p><strong>LinkedIn<\/strong><\/p>\n<p>Des plug-ins du r\u00e9seau social LinkedIn Corporation, bas\u00e9 aux \u00c9tats-Unis, sont install\u00e9s sur notre site web. Vous pouvez reconna\u00eetre le plug-in LinkedIn gr\u00e2ce au bouton \u00ab\u202fLinkedIn Recommended\u202f\u00bb ou au logo LinkedIn. Lorsque vous acc\u00e9dez \u00e0 une page de notre site contenant un tel plug-in, votre navigateur \u00e9tablit une connexion directe avec les serveurs de LinkedIn. LinkedIn est alors inform\u00e9 que vous avez consult\u00e9 notre site avec votre adresse IP. Si vous \u00eates connect\u00e9 \u00e0 votre compte LinkedIn et que vous cliquez sur le bouton LinkedIn, vous pouvez lier le contenu de nos pages \u00e0 votre profil LinkedIn. Cela permet \u00e0 LinkedIn d\u2019associer votre visite sur notre site \u00e0 votre compte utilisateur. Nous tenons \u00e0 souligner qu\u2019en tant qu\u2019exploitant du site, nous n\u2019avons aucune connaissance du contenu des donn\u00e9es transmises ni de leur utilisation par LinkedIn. Pour plus d\u2019informations, veuillez consulter : www.linkedin.com\/legal\/privacy-policy.<\/p>\n<p><strong>Google Map<\/strong><\/p>\n<p>Les services Google Maps peuvent \u00eatre utilis\u00e9s sur notre site web (par exemple, int\u00e9gr\u00e9s dans une page ou via des interfaces\/API). De ce fait, Google LLC, bas\u00e9e aux \u00c9tats-Unis, peut traiter des informations concernant votre position g\u00e9ographique r\u00e9elle.<br \/>\nPour d\u00e9terminer votre localisation, Google utilise diff\u00e9rentes technologies, telles que les adresses IP, le GPS et d&rsquo;autres capteurs. Ces technologies peuvent inclure la transmission d\u2019informations \u00e0 Google sur les appareils \u00e0 proximit\u00e9, les points d\u2019acc\u00e8s WLAN ou les antennes-relais.<\/p>\n<p>Veuillez consulter la politique de confidentialit\u00e9 de Google \u00e0 l\u2019adresse suivante : https:\/\/policies.google.com\/privacy?hl=fr&amp;gl=fr, pour en savoir plus sur la finalit\u00e9 et la port\u00e9e de la collecte de donn\u00e9es, ainsi que sur le traitement et l\u2019utilisation ult\u00e9rieurs des donn\u00e9es par Google. Vous y trouverez \u00e9galement des informations sur vos droits et les param\u00e8tres de confidentialit\u00e9 disponibles.<\/p>\n<h2>3. VOS DROITS<\/h2>\n<p>Vous pouvez, \u00e0 tout moment, demander des informations concernant les donn\u00e9es vous concernant que nous conservons. Pour cela, nous vous prions de bien vouloir adresser votre demande par e-mail \u00e0 l\u2019adresse indiqu\u00e9e ci-dessous. Une preuve d\u2019identit\u00e9 devra \u00eatre jointe \u00e0 votre demande pour que nous puissions traiter votre requ\u00eate.<\/p>\n<p>Vous avez \u00e9galement la possibilit\u00e9 de demander \u00e0 tout moment la suppression ou la rectification de vos donn\u00e9es. Vous avez bien entendu le droit de r\u00e9voquer \u00e0 tout moment votre consentement \u00e0 l\u2019utilisation ou au traitement de vos donn\u00e9es personnelles, avec effet pour l\u2019avenir.<\/p>\n<p>Les donn\u00e9es stock\u00e9es seront supprim\u00e9es lorsqu\u2019elles ne seront plus n\u00e9cessaires aux finalit\u00e9s mentionn\u00e9es. Il est toutefois important de noter que certaines donn\u00e9es doivent \u00eatre conserv\u00e9es en vertu d\u2019obligations l\u00e9gales. Dans ce cas, ces donn\u00e9es seront bloqu\u00e9es dans notre syst\u00e8me et uniquement utilis\u00e9es pour satisfaire \u00e0 ces obligations l\u00e9gales. Une fois les d\u00e9lais de conservation expir\u00e9s, votre demande de suppression sera ex\u00e9cut\u00e9e.<\/p>\n<p>Si le traitement de vos donn\u00e9es personnelles repose sur un int\u00e9r\u00eat l\u00e9gitime, vous avez le droit de vous y opposer \u00e0 tout moment pour des raisons li\u00e9es \u00e0 votre situation particuli\u00e8re, ou si l\u2019opposition concerne la prospection directe. Dans ce dernier cas, vous disposez d\u2019un droit d\u2019opposition g\u00e9n\u00e9ral, qui sera appliqu\u00e9 par nos soins sans qu\u2019il soit n\u00e9cessaire de justifier votre demande.<\/p>\n<p>Vous avez \u00e9galement le droit de recevoir les donn\u00e9es personnelles que vous nous avez fournies, ou de demander leur transfert \u00e0 un autre responsable de traitement.<\/p>\n<p>Pour exercer l\u2019un de ces droits, merci de nous contacter par e-mail \u00e0 l\u2019adresse suivante : info@swissairporttransfers.ch. Nous nous r\u00e9servons le droit de vous demander une pi\u00e8ce d\u2019identit\u00e9 valide et de vous facturer les frais r\u00e9els si la demande implique un effort disproportionn\u00e9.<\/p>\n<h2>4. COORDONN\u00c9ES<\/h2>\n<p>FairTransfert S\u00e0rl, Chemin des Lentilli\u00e8res 11, CH-1023 Crissier \u2013 Suisse<\/p>\n<p>info@swissairporttransfers.ch<\/p>\n<\/div>\n","protected":false},"excerpt":{"rendered":"<p>Politique de confidentialit\u00e9 FairTransfert S\u00e0rl, situ\u00e9e Chemin des Lentilli\u00e8res 11, est l\u2019exploitant de ce site web, accessible \u00e0 l\u2019adresse https:\/\/www.lux-taxi.com, ainsi que le prestataire des services propos\u00e9s et d\u00e9crits sur ce site. FairTransfert S\u00e0rl est responsable de la collecte, du traitement et de l\u2019utilisation de vos donn\u00e9es personnelles, et s\u2019engage \u00e0 respecter la l\u00e9gislation suisse [&hellip;]<\/p>\n","protected":false},"author":1,"featured_media":0,"parent":0,"menu_order":0,"comment_status":"closed","ping_status":"closed","template":"","meta":{"footnotes":""},"class_list":["post-8772","page","type-page","status-publish","hentry"],"aioseo_notices":[],"_links":{"self":[{"href":"https:\/\/www.lux-taxi.com\/fr\/wp-json\/wp\/v2\/pages\/8772","targetHints":{"allow":["GET"]}}],"collection":[{"href":"https:\/\/www.lux-taxi.com\/fr\/wp-json\/wp\/v2\/pages"}],"about":[{"href":"https:\/\/www.lux-taxi.com\/fr\/wp-json\/wp\/v2\/types\/page"}],"author":[{"embeddable":true,"href":"https:\/\/www.lux-taxi.com\/fr\/wp-json\/wp\/v2\/users\/1"}],"replies":[{"embeddable":true,"href":"https:\/\/www.lux-taxi.com\/fr\/wp-json\/wp\/v2\/comments?post=8772"}],"version-history":[{"count":4,"href":"https:\/\/www.lux-taxi.com\/fr\/wp-json\/wp\/v2\/pages\/8772\/revisions"}],"predecessor-version":[{"id":8776,"href":"https:\/\/www.lux-taxi.com\/fr\/wp-json\/wp\/v2\/pages\/8772\/revisions\/8776"}],"wp:attachment":[{"href":"https:\/\/www.lux-taxi.com\/fr\/wp-json\/wp\/v2\/media?parent=8772"}],"curies":[{"name":"wp","href":"https:\/\/api.w.org\/{rel}","templated":true}]}}