{"id":8752,"date":"2025-05-14T11:19:47","date_gmt":"2025-05-14T11:19:47","guid":{"rendered":"https:\/\/www.lux-taxi.com\/politique-de-cookies\/"},"modified":"2025-05-20T09:36:27","modified_gmt":"2025-05-20T09:36:27","slug":"politique-de-cookies","status":"publish","type":"page","link":"https:\/\/www.lux-taxi.com\/fr\/politique-de-cookies\/","title":{"rendered":"Politique de Cookies"},"content":{"rendered":"<div id=\"main-content\">\n<div class=\"container\">\n<div id=\"content-area\" class=\"clearfix\">\n<div id=\"left-area\">\n<article id=\"post-1204\" class=\"post-1204 page type-page status-publish hentry\">\n<div class=\"entry-content\">\n<p><strong>Politique de cookies de Lux &#8211; Taxi <\/strong><\/p>\n<p>Cette politique de cookies explique ce que sont les cookies et comment nous les utilisons. Nous vous invitons \u00e0 la lire attentivement afin de comprendre quels types de cookies nous utilisons, quelles informations nous recueillons gr\u00e2ce \u00e0 eux et comment ces donn\u00e9es sont utilis\u00e9es.<\/p>\n<p>Les cookies ne contiennent g\u00e9n\u00e9ralement aucune information permettant de vous identifier personnellement. Toutefois, les donn\u00e9es personnelles que nous conservons \u00e0 votre sujet peuvent \u00eatre associ\u00e9es aux informations recueillies via les cookies. Pour en savoir plus sur la mani\u00e8re dont nous utilisons, stockons et prot\u00e9geons vos donn\u00e9es personnelles, veuillez consulter notre Politique de confidentialit\u00e9.<\/p>\n<p>Nous ne stockons aucune information personnelle sensible, telle que les adresses postales, les mots de passe de compte, etc., dans les cookies que nous utilisons.<\/p>\n<p><strong>Interpr\u00e9tation et d\u00e9finitions<\/strong><\/p>\n<p><strong>Interpr\u00e9tation<\/strong><\/p>\n<p>Les mots dont la premi\u00e8re lettre est en majuscule ont la signification qui leur est attribu\u00e9e dans les conditions ci-dessous. Les d\u00e9finitions suivantes s\u2019appliquent de la m\u00eame mani\u00e8re, qu\u2019elles soient utilis\u00e9es au singulier ou au pluriel.<\/p>\n<p><strong>D\u00e9finitions<\/strong><\/p>\n<p>Aux fins de la pr\u00e9sente Politique de cookies :<\/p>\n<ul>\n<li><strong>Soci\u00e9t\u00e9<\/strong> (d\u00e9sign\u00e9e par \u00ab la Soci\u00e9t\u00e9 \u00bb, \u00ab Nous \u00bb, \u00ab Notre \u00bb ou \u00ab Nos \u00bb dans la pr\u00e9sente Politique de cookies) d\u00e9signe Fair Transfert S\u00e0rl, Chemin des Lentilli\u00e8res 11, Suisse.<\/li>\n<li><strong>Cookies<\/strong> d\u00e9signe de petits fichiers d\u00e9pos\u00e9s sur Votre ordinateur, appareil mobile ou tout autre dispositif par un site web. Ils contiennent, entre autres, des informations relatives \u00e0 Votre historique de navigation sur ce site.<\/li>\n<li><strong>Site web<\/strong> d\u00e9signe Lux &#8211; Taxi, accessible \u00e0 l\u2019adresse suivante : https:\/\/www.lux-tax.com<\/li>\n<li><strong>Vous<\/strong> d\u00e9signe la personne physique acc\u00e9dant au Site web ou l\u2019utilisant, ou encore l\u2019entreprise ou toute autre entit\u00e9 juridique pour le compte de laquelle cette personne acc\u00e8de au Site web ou l\u2019utilise, selon le cas.<\/li>\n<\/ul>\n<p><strong>Utilisation des cookies<\/strong><\/p>\n<p><strong>Types de cookies que Nous utilisons<\/strong><\/p>\n<p>Les cookies peuvent \u00eatre \u00ab persistants \u00bb ou \u00ab de session \u00bb. Les cookies persistants restent sur votre ordinateur ou appareil mobile m\u00eame lorsque Vous \u00eates hors ligne, tandis que les cookies de session sont supprim\u00e9s d\u00e8s que Vous fermez votre navigateur.<\/p>\n<p>Nous utilisons \u00e0 la fois des cookies de session et des cookies persistants aux fins d\u00e9crites ci-dessous :<\/p>\n<ul>\n<li><strong>Cookies n\u00e9cessaires \/ essentiels Type <\/strong>: Cookies de session G\u00e9r\u00e9s par : Nous Finalit\u00e9 : Ces cookies sont essentiels pour Vous fournir les services disponibles sur le Site web et Vous permettre d\u2019utiliser certaines de ses fonctionnalit\u00e9s. Ils permettent d\u2019authentifier les utilisateurs et de pr\u00e9venir l\u2019utilisation frauduleuse des comptes. Sans ces cookies, les services que Vous avez demand\u00e9s ne peuvent pas \u00eatre fournis. Nous utilisons ces cookies uniquement dans le but de Vous offrir ces services.<\/li>\n<li><strong>Cookies de fonctionnalit\u00e9 Type<\/strong> : Cookies persistants G\u00e9r\u00e9s par : Nous Finalit\u00e9 : Ces cookies nous permettent de m\u00e9moriser les choix que Vous faites lorsque Vous utilisez le Site web, comme vos identifiants de connexion ou votre pr\u00e9f\u00e9rence linguistique. Leur objectif est de Vous offrir une exp\u00e9rience plus personnalis\u00e9e et de Vous \u00e9viter d\u2019avoir \u00e0 r\u00e9introduire vos pr\u00e9f\u00e9rences \u00e0 chaque visite sur le Site.<\/li>\n<\/ul>\n<p><strong>Vos choix concernant les cookies<\/strong><\/p>\n<p>Si Vous pr\u00e9f\u00e9rez \u00e9viter l\u2019utilisation de cookies sur le Site web, Vous devez d\u2019abord d\u00e9sactiver les cookies dans les param\u00e8tres de votre navigateur, puis supprimer les cookies d\u00e9j\u00e0 enregistr\u00e9s li\u00e9s \u00e0 ce site. Vous pouvez utiliser cette option \u00e0 tout moment pour emp\u00eacher l\u2019utilisation des cookies.<\/p>\n<p>Si Vous n\u2019acceptez pas Nos cookies, il se peut que Vous rencontriez certains d\u00e9sagr\u00e9ments lors de l\u2019utilisation du Site web et que certaines fonctionnalit\u00e9s ne fonctionnent pas correctement.<\/p>\n<p>Si Vous souhaitez supprimer les cookies ou configurer votre navigateur pour qu\u2019il les supprime ou les refuse, veuillez consulter les pages d\u2019aide de votre navigateur web.<\/p>\n<ul>\n<li>Pour le navigateur web Chrome, veuillez consulter cette page propos\u00e9e par Google : <a href=\"https:\/\/support.google.com\/accounts\/answer\/32050?hl=fr&amp;sjid=16457321408563257832-EU\" target=\"_blank\" rel=\"noopener\">https:\/\/support.google.com\/accounts\/answer\/32050?hl=fr&amp;sjid=16457321408563257832-EU<\/a><\/li>\n<li>Pour le navigateur web Internet Explorer, veuillez consulter cette page propos\u00e9e par Microsoft : <a href=\"http:\/\/support.microsoft.com\/kb\/278835\" target=\"_blank\" rel=\"noopener\">http:\/\/support.microsoft.com\/kb\/278835<\/a><\/li>\n<li>Pour le navigateur web Firefox, veuillez consulter cette page propos\u00e9e par Mozilla : <a href=\"https:\/\/support.mozilla.org\/en-US\/kb\/delete-cookies-remove-info-websites-stored\" target=\"_blank\" rel=\"noopener\">https:\/\/support.mozilla.org\/en-US\/kb\/delete-cookies-remove-info-websites-stored<\/a><\/li>\n<li>Pour le navigateur web Safari, veuillez consulter cette page propos\u00e9e par Apple :<a href=\"https:\/\/support.apple.com\/guide\/safari\/manage-cookies-and-website-data-sfri11471\/mac\" target=\"_blank\" rel=\"noopener\">https:\/\/support.apple.com\/guide\/safari\/manage-cookies-and-website-data-sfri11471\/mac<\/a><\/li>\n<\/ul>\n<p>Pour tout autre navigateur web, veuillez consulter les pages officielles d\u2019assistance de votre navigateur.<\/p>\n<p><strong>En savoir plus sur les cookies<\/strong><\/p>\n<p>Vous pouvez en savoir plus sur les cookies ici :<a href=\"https:\/\/www.termsfeed.com\/blog\/cookies\/\" target=\"_blank\" rel=\"noopener\">All About Cookies by TermsFeed<\/a>.<\/p>\n<p><strong>Contactez-nous<\/strong><\/p>\n<p>Si Vous avez des questions concernant la pr\u00e9sente Politique de cookies, Vous pouvez nous contacter :<\/p>\n<ul>\n<li>Par e-mail : info@swissairporttransfers.ch<\/li>\n<li>En visitant cette page de notre site web : <a title=\"Contact Taxi Gen\u00e8ve\" href=\"https:\/\/www.lux-taxi.com\/fr\/contact-taxi-geneve\/\" target=\"_blank\" rel=\"noopener\">https:\/\/www.lux-taxi.com\/fr\/contact-taxi-geneve\/<\/a><\/li>\n<li>Par t\u00e9l\u00e9phone : <a class=\"font-14 color-dark\" href=\"tel:+41%2076%20620%2078%2050\">+41 76 620 78 50<\/a><\/li>\n<\/ul>\n<\/div>\n<\/article>\n<\/div>\n<\/div>\n<\/div>\n<\/div>\n<footer class=\"et-l et-l--footer\">\n<div class=\"et_builder_inner_content et_pb_gutters3\">\n<div class=\"et_pb_with_border et_pb_section et_pb_section_0_tb_footer et_pb_with_background et_section_regular\">\n<div class=\"et_pb_with_border et_pb_row et_pb_row_0_tb_footer et_pb_row_5col\">\n<div class=\"et_pb_column et_pb_column_1_5 et_pb_column_0_tb_footer et_pb_css_mix_blend_mode_passthrough\">\n<div class=\"et_pb_module et_pb_blurb et_pb_blurb_0_tb_footer et_pb_text_align_left et_pb_blurb_position_top et_pb_bg_layout_light\">\n<div class=\"et_pb_blurb_content\">\n<div class=\"et_pb_main_blurb_image\"><\/div>\n<\/div>\n<\/div>\n<\/div>\n<\/div>\n<\/div>\n<\/div>\n<\/footer>\n","protected":false},"excerpt":{"rendered":"<p>Politique de cookies de Lux &#8211; Taxi Cette politique de cookies explique ce que sont les cookies et comment nous les utilisons. Nous vous invitons \u00e0 la lire attentivement afin de comprendre quels types de cookies nous utilisons, quelles informations nous recueillons gr\u00e2ce \u00e0 eux et comment ces donn\u00e9es sont utilis\u00e9es. Les cookies ne contiennent [&hellip;]<\/p>\n","protected":false},"author":1,"featured_media":0,"parent":0,"menu_order":0,"comment_status":"closed","ping_status":"closed","template":"elementor_theme","meta":{"footnotes":""},"class_list":["post-8752","page","type-page","status-publish","hentry"],"aioseo_notices":[],"_links":{"self":[{"href":"https:\/\/www.lux-taxi.com\/fr\/wp-json\/wp\/v2\/pages\/8752","targetHints":{"allow":["GET"]}}],"collection":[{"href":"https:\/\/www.lux-taxi.com\/fr\/wp-json\/wp\/v2\/pages"}],"about":[{"href":"https:\/\/www.lux-taxi.com\/fr\/wp-json\/wp\/v2\/types\/page"}],"author":[{"embeddable":true,"href":"https:\/\/www.lux-taxi.com\/fr\/wp-json\/wp\/v2\/users\/1"}],"replies":[{"embeddable":true,"href":"https:\/\/www.lux-taxi.com\/fr\/wp-json\/wp\/v2\/comments?post=8752"}],"version-history":[{"count":2,"href":"https:\/\/www.lux-taxi.com\/fr\/wp-json\/wp\/v2\/pages\/8752\/revisions"}],"predecessor-version":[{"id":8754,"href":"https:\/\/www.lux-taxi.com\/fr\/wp-json\/wp\/v2\/pages\/8752\/revisions\/8754"}],"wp:attachment":[{"href":"https:\/\/www.lux-taxi.com\/fr\/wp-json\/wp\/v2\/media?parent=8752"}],"curies":[{"name":"wp","href":"https:\/\/api.w.org\/{rel}","templated":true}]}}