{"id":8743,"date":"2024-04-19T06:45:49","date_gmt":"2024-04-19T06:45:49","guid":{"rendered":"https:\/\/www.lux-taxi.com\/notre-flotte\/"},"modified":"2025-05-19T23:10:37","modified_gmt":"2025-05-19T23:10:37","slug":"notre-flotte","status":"publish","type":"page","link":"https:\/\/www.lux-taxi.com\/fr\/notre-flotte\/","title":{"rendered":"Notre Flotte"},"content":{"rendered":"\t\t<div data-elementor-type=\"wp-page\" data-elementor-id=\"8743\" class=\"elementor elementor-8743 elementor-198\" data-elementor-post-type=\"page\">\n\t\t\t\t<div class=\"elementor-element elementor-element-cc5ac9e e-flex e-con-boxed e-con e-parent\" data-id=\"cc5ac9e\" data-element_type=\"container\" data-e-type=\"container\">\n\t\t\t\t\t<div class=\"e-con-inner\">\n\t\t<div class=\"elementor-element elementor-element-1454756 e-con-full e-flex e-con e-child\" data-id=\"1454756\" data-element_type=\"container\" data-e-type=\"container\">\n\t\t<div class=\"elementor-element elementor-element-3acb4fc e-con-full e-flex e-con e-child\" data-id=\"3acb4fc\" data-element_type=\"container\" data-e-type=\"container\">\n\t\t\t\t<div class=\"elementor-element elementor-element-665eae9 elementor-widget elementor-widget-luxride-title-v1\" data-id=\"665eae9\" data-element_type=\"widget\" data-e-type=\"widget\" data-widget_type=\"luxride-title-v1.default\">\n\t\t\t\t<div class=\"elementor-widget-container\">\n\t\t\t\t\t \r\n<div class=\"title_all_box style_one dark_color\">\r\n                <h2 class=\"font-44 mb_15\">Notre flotte Executive \u2013 Confort, \u00c9l\u00e9gance et Performance<\/h2>\r\n        <\/div>\r\n\t\t\t\t<\/div>\n\t\t\t\t<\/div>\n\t\t\t\t<div class=\"elementor-element elementor-element-c4f9861 elementor-widget elementor-widget-luxride-text-editor-v1\" data-id=\"c4f9861\" data-element_type=\"widget\" data-e-type=\"widget\" data-widget_type=\"luxride-text-editor-v1.default\">\n\t\t\t\t<div class=\"elementor-widget-container\">\n\t\t\t\t\t        <div class=\"position-relative position_p_relative\">\r\n                <p>Chez Lux-Taxi, nous pensons que votre v\u00e9hicule doit \u00eatre \u00e0 la hauteur de vos attentes.<br \/>Notre flotte est soigneusement s\u00e9lectionn\u00e9e pour offrir le parfait \u00e9quilibre entre \u00e9l\u00e9gance, performance et discr\u00e9tion.<\/p><p>Chaque voiture est entretenue avec rigueur, nettoy\u00e9e en profondeur avant chaque trajet et \u00e9quip\u00e9e de prestations haut de gamme, afin de garantir un confort optimal \u00e0 chaque instant.<\/p><p>De l\u2019int\u00e9rieur raffin\u00e9 au silence de conduite, chaque d\u00e9tail est pens\u00e9 pour d\u00e9passer vos exigences.<br \/>Que ce soit pour un d\u00e9placement professionnel ou un voyage de loisir, vous voyagerez toujours avec style et s\u00e9r\u00e9nit\u00e9.<\/p>            <\/div>\r\n        \t\t\t\t<\/div>\n\t\t\t\t<\/div>\n\t\t\t\t<div class=\"elementor-element elementor-element-b027a93 elementor-widget elementor-widget-luxride-text-editor-v1\" data-id=\"b027a93\" data-element_type=\"widget\" data-e-type=\"widget\" data-widget_type=\"luxride-text-editor-v1.default\">\n\t\t\t\t<div class=\"elementor-widget-container\">\n\t\t\t\t\t        <div class=\"position-relative position_p_relative\">\r\n                <table class=\"responsive-price-table\">\n<thead>\n<tr style=\"background: #282828\">\n<th style=\"text-align: left;padding: 12px;border-bottom: 1px solid #ddd;color: #c1a247\">De Zurich \u00e0<\/th>\n<th style=\"text-align: left;padding: 12px;border-bottom: 1px solid #ddd;color: #c1a247\">Toyota<\/th>\n<th style=\"text-align: left;padding: 12px;border-bottom: 1px solid #ddd;color: #c1a247\">Tesla<\/th>\n<th style=\"text-align: left;padding: 12px;border-bottom: 1px solid #ddd;color: #c1a247\">Classe E<\/th>\n<th style=\"text-align: left;padding: 12px;border-bottom: 1px solid #ddd;color: #c1a247\">Classe V<\/th>\n<th style=\"text-align: left;padding: 12px;border-bottom: 1px solid #ddd;color: #c1a247\">Classe S<\/th>\n<\/tr>\n<\/thead>\n<tbody>\n<tr>\n<td data-label=\"De Zurich \u00e0\">Lucerne<\/td>\n<td data-label=\"Toyota\">CHF 200<\/td>\n<td data-label=\"Tesla\">CHF 220<\/td>\n<td data-label=\"Classe E\">CHF 220<\/td>\n<td data-label=\"Classe V\">CHF 250<\/td>\n<td data-label=\"Classe S\">CHF 350<\/td>\n<\/tr>\n<tr>\n<td data-label=\"De Zurich \u00e0\">Grindelwald<\/td>\n<td data-label=\"Toyota\">CHF 380<\/td>\n<td data-label=\"Tesla\">CHF 450<\/td>\n<td data-label=\"Classe E\">CHF 450<\/td>\n<td data-label=\"Classe V\">CHF 550<\/td>\n<td data-label=\"Classe S\">CHF 750<\/td>\n<\/tr>\n<tr>\n<td data-label=\"De Zurich \u00e0\">Interlaken<\/td>\n<td data-label=\"Toyota\">CHF 380<\/td>\n<td data-label=\"Tesla\">CHF 420<\/td>\n<td data-label=\"Classe E\">CHF 420<\/td>\n<td data-label=\"Classe V\">CHF 480<\/td>\n<td data-label=\"Classe S\">CHF 680<\/td>\n<\/tr>\n<tr>\n<td data-label=\"De Zurich \u00e0\">Montreux<\/td>\n<td data-label=\"Toyota\">CHF 600<\/td>\n<td data-label=\"Tesla\">CHF 650<\/td>\n<td data-label=\"Classe E\">CHF 650<\/td>\n<td data-label=\"Classe V\">CHF 750<\/td>\n<td data-label=\"Classe S\">CHF 1000<\/td>\n<\/tr>\n<tr>\n<td data-label=\"De Zurich \u00e0\">Saint-Moritz<\/td>\n<td data-label=\"Toyota\">CHF 650<\/td>\n<td data-label=\"Tesla\">CHF 700<\/td>\n<td data-label=\"Classe E\">CHF 700<\/td>\n<td data-label=\"Classe V\">CHF 800<\/td>\n<td data-label=\"Classe S\">CHF 1000<\/td>\n<\/tr>\n<\/tbody>\n<\/table>\n            <\/div>\r\n        \t\t\t\t<\/div>\n\t\t\t\t<\/div>\n\t\t\t\t<\/div>\n\t\t\t\t<\/div>\n\t\t<div class=\"elementor-element elementor-element-d70acee e-con-full e-flex e-con e-child\" data-id=\"d70acee\" data-element_type=\"container\" data-e-type=\"container\">\n\t\t\t\t<div class=\"elementor-element elementor-element-bd0caf5 elementor-widget elementor-widget-luxride-fleet-grid-v1\" data-id=\"bd0caf5\" data-element_type=\"widget\" data-e-type=\"widget\" data-widget_type=\"luxride-fleet-grid-v1.default\">\n\t\t\t\t<div class=\"elementor-widget-container\">\n\t\t\t\t\t \n \n    <div class=\"grid_view \">\n    <div class=\"row \">\n                                                     \n                        <div class=\"col-xl-4 col-lg-4 col-md-6 col-sm-6 \">\n                            <div class=\"fleet_card mb_30 position-relative trans two\">  \n                                                                <a href=\"https:\/\/www.lux-taxi.com\/fr\/ourfleet\/mercedes-benz-e-class\/\" class=\"image  d-block mb_20\"> \n                                    <img decoding=\"async\" width=\"200\" height=\"83\" src=\"https:\/\/www.lux-taxi.com\/wp-content\/uploads\/2024\/04\/Mercedes-benz-E-Class.webp\" class=\"trans wp-post-image\" alt=\"\" srcset=\"https:\/\/www.lux-taxi.com\/wp-content\/uploads\/2024\/04\/Mercedes-benz-E-Class.webp 1440w, https:\/\/www.lux-taxi.com\/wp-content\/uploads\/2024\/04\/Mercedes-benz-E-Class-300x125.webp 300w, https:\/\/www.lux-taxi.com\/wp-content\/uploads\/2024\/04\/Mercedes-benz-E-Class-1024x427.webp 1024w, https:\/\/www.lux-taxi.com\/wp-content\/uploads\/2024\/04\/Mercedes-benz-E-Class-768x320.webp 768w\" sizes=\"(max-width: 200px) 100vw, 200px\" \/>                                <\/a> \n                                                                <a href=\"https:\/\/www.lux-taxi.com\/fr\/ourfleet\/mercedes-benz-e-class\/\" class=\"trim-2 font-20 color-dark mb_10 d-block\">Mercedes Benz E-Class<\/a>                                                                <p class=\"text-14 mb_0\">Classe Affaires<\/p>\n                                                     \n                            <\/div>\n                        <\/div>\n                                                                                         \n                        <div class=\"col-xl-4 col-lg-4 col-md-6 col-sm-6 \">\n                            <div class=\"fleet_card mb_30 position-relative trans two\">  \n                                                                <a href=\"https:\/\/www.lux-taxi.com\/fr\/ourfleet\/mercedes-benz-s-class\/\" class=\"image  d-block mb_20\"> \n                                    <img decoding=\"async\" width=\"200\" height=\"80\" src=\"https:\/\/www.lux-taxi.com\/wp-content\/uploads\/2024\/04\/Mercedes-Benz-S-Class.webp\" class=\"trans wp-post-image\" alt=\"\" srcset=\"https:\/\/www.lux-taxi.com\/wp-content\/uploads\/2024\/04\/Mercedes-Benz-S-Class.webp 500w, https:\/\/www.lux-taxi.com\/wp-content\/uploads\/2024\/04\/Mercedes-Benz-S-Class-300x120.webp 300w\" sizes=\"(max-width: 200px) 100vw, 200px\" \/>                                <\/a> \n                                                                <a href=\"https:\/\/www.lux-taxi.com\/fr\/ourfleet\/mercedes-benz-s-class\/\" class=\"trim-2 font-20 color-dark mb_10 d-block\">Mercedes Benz S-Class<\/a>                                                                <p class=\"text-14 mb_0\">Classe Luxe<\/p>\n                                                     \n                            <\/div>\n                        <\/div>\n                                                                                         \n                        <div class=\"col-xl-4 col-lg-4 col-md-6 col-sm-6 \">\n                            <div class=\"fleet_card mb_30 position-relative trans two\">  \n                                                                <a href=\"https:\/\/www.lux-taxi.com\/fr\/ourfleet\/mercedes-benz-v-class\/\" class=\"image  d-block mb_20\"> \n                                    <img decoding=\"async\" width=\"200\" height=\"80\" src=\"https:\/\/www.lux-taxi.com\/wp-content\/uploads\/2024\/04\/Mercedes-Benz-V-Class.webp\" class=\"trans wp-post-image\" alt=\"\" srcset=\"https:\/\/www.lux-taxi.com\/wp-content\/uploads\/2024\/04\/Mercedes-Benz-V-Class.webp 500w, https:\/\/www.lux-taxi.com\/wp-content\/uploads\/2024\/04\/Mercedes-Benz-V-Class-300x120.webp 300w\" sizes=\"(max-width: 200px) 100vw, 200px\" \/>                                <\/a> \n                                                                <a href=\"https:\/\/www.lux-taxi.com\/fr\/ourfleet\/mercedes-benz-v-class\/\" class=\"trim-2 font-20 color-dark mb_10 d-block\">Mercedes Benz V-Class<\/a>                                                                <p class=\"text-14 mb_0\">Business Van<\/p>\n                                                     \n                            <\/div>\n                        <\/div>\n                                                                                         \n                        <div class=\"col-xl-4 col-lg-4 col-md-6 col-sm-6 \">\n                            <div class=\"fleet_card mb_30 position-relative trans two\">  \n                                                                <a href=\"https:\/\/www.lux-taxi.com\/fr\/ourfleet\/mercedes-sprinter\/\" class=\"image  d-block mb_20\"> \n                                    <img loading=\"lazy\" decoding=\"async\" width=\"200\" height=\"80\" src=\"https:\/\/www.lux-taxi.com\/wp-content\/uploads\/2024\/04\/Mercedes-Sprinter-vip.png\" class=\"trans wp-post-image\" alt=\"\" srcset=\"https:\/\/www.lux-taxi.com\/wp-content\/uploads\/2024\/04\/Mercedes-Sprinter-vip.png 500w, https:\/\/www.lux-taxi.com\/wp-content\/uploads\/2024\/04\/Mercedes-Sprinter-vip-300x120.png 300w\" sizes=\"(max-width: 200px) 100vw, 200px\" \/>                                <\/a> \n                                                                <a href=\"https:\/\/www.lux-taxi.com\/fr\/ourfleet\/mercedes-sprinter\/\" class=\"trim-2 font-20 color-dark mb_10 d-block\">Mercedes Sprinter<\/a>                                                                <p class=\"text-14 mb_0\">Van Business<\/p>\n                                                     \n                            <\/div>\n                        <\/div>\n                                                                                         \n                        <div class=\"col-xl-4 col-lg-4 col-md-6 col-sm-6 \">\n                            <div class=\"fleet_card mb_30 position-relative trans two\">  \n                                                                <a href=\"https:\/\/www.lux-taxi.com\/fr\/ourfleet\/toyota-rav\/\" class=\"image  d-block mb_20\"> \n                                    <img loading=\"lazy\" decoding=\"async\" width=\"200\" height=\"80\" src=\"https:\/\/www.lux-taxi.com\/wp-content\/uploads\/2024\/04\/toyota-rav-taxi.png\" class=\"trans wp-post-image\" alt=\"\" srcset=\"https:\/\/www.lux-taxi.com\/wp-content\/uploads\/2024\/04\/toyota-rav-taxi.png 500w, https:\/\/www.lux-taxi.com\/wp-content\/uploads\/2024\/04\/toyota-rav-taxi-300x120.png 300w\" sizes=\"(max-width: 200px) 100vw, 200px\" \/>                                <\/a> \n                                                                <a href=\"https:\/\/www.lux-taxi.com\/fr\/ourfleet\/toyota-rav\/\" class=\"trim-2 font-20 color-dark mb_10 d-block\">Toyota RAV<\/a>                                                                <p class=\"text-14 mb_0\">Transfert Urbain<\/p>\n                                                     \n                            <\/div>\n                        <\/div>\n                                                                                         \n                        <div class=\"col-xl-4 col-lg-4 col-md-6 col-sm-6 \">\n                            <div class=\"fleet_card mb_30 position-relative trans two\">  \n                                                                <a href=\"https:\/\/www.lux-taxi.com\/fr\/ourfleet\/tesla-t\/\" class=\"image  d-block mb_20\"> \n                                    <img loading=\"lazy\" decoding=\"async\" width=\"200\" height=\"80\" src=\"https:\/\/www.lux-taxi.com\/wp-content\/uploads\/2024\/04\/Tesla-T.webp\" class=\"trans wp-post-image\" alt=\"\" srcset=\"https:\/\/www.lux-taxi.com\/wp-content\/uploads\/2024\/04\/Tesla-T.webp 500w, https:\/\/www.lux-taxi.com\/wp-content\/uploads\/2024\/04\/Tesla-T-300x120.webp 300w\" sizes=\"(max-width: 200px) 100vw, 200px\" \/>                                <\/a> \n                                                                <a href=\"https:\/\/www.lux-taxi.com\/fr\/ourfleet\/tesla-t\/\" class=\"trim-2 font-20 color-dark mb_10 d-block\">Tesla T<\/a>                                                                <p class=\"text-14 mb_0\">Classe Luxe<\/p>\n                                                     \n                            <\/div>\n                        <\/div>\n                                                                                          \n                 \n    <\/div>\n      \n    <\/div> \n \n\t\t\t\t<\/div>\n\t\t\t\t<\/div>\n\t\t\t\t<\/div>\n\t\t\t\t\t<\/div>\n\t\t\t\t<\/div>\n\t\t\t\t<\/div>\n\t\t","protected":false},"excerpt":{"rendered":"<p>Notre flotte Executive \u2013 Confort, \u00c9l\u00e9gance et Performance Chez Lux-Taxi, nous pensons que votre v\u00e9hicule doit \u00eatre \u00e0 la hauteur de vos attentes.Notre flotte est soigneusement s\u00e9lectionn\u00e9e pour offrir le parfait \u00e9quilibre entre \u00e9l\u00e9gance, performance et discr\u00e9tion. Chaque voiture est entretenue avec rigueur, nettoy\u00e9e en profondeur avant chaque trajet et \u00e9quip\u00e9e de prestations haut de [&hellip;]<\/p>\n","protected":false},"author":1,"featured_media":0,"parent":0,"menu_order":0,"comment_status":"closed","ping_status":"closed","template":"template-fullwidth.php","meta":{"footnotes":""},"class_list":["post-8743","page","type-page","status-publish","hentry"],"aioseo_notices":[],"_links":{"self":[{"href":"https:\/\/www.lux-taxi.com\/fr\/wp-json\/wp\/v2\/pages\/8743","targetHints":{"allow":["GET"]}}],"collection":[{"href":"https:\/\/www.lux-taxi.com\/fr\/wp-json\/wp\/v2\/pages"}],"about":[{"href":"https:\/\/www.lux-taxi.com\/fr\/wp-json\/wp\/v2\/types\/page"}],"author":[{"embeddable":true,"href":"https:\/\/www.lux-taxi.com\/fr\/wp-json\/wp\/v2\/users\/1"}],"replies":[{"embeddable":true,"href":"https:\/\/www.lux-taxi.com\/fr\/wp-json\/wp\/v2\/comments?post=8743"}],"version-history":[{"count":5,"href":"https:\/\/www.lux-taxi.com\/fr\/wp-json\/wp\/v2\/pages\/8743\/revisions"}],"predecessor-version":[{"id":8748,"href":"https:\/\/www.lux-taxi.com\/fr\/wp-json\/wp\/v2\/pages\/8743\/revisions\/8748"}],"wp:attachment":[{"href":"https:\/\/www.lux-taxi.com\/fr\/wp-json\/wp\/v2\/media?parent=8743"}],"curies":[{"name":"wp","href":"https:\/\/api.w.org\/{rel}","templated":true}]}}