{"id":8689,"date":"2024-04-19T07:04:57","date_gmt":"2024-04-19T07:04:57","guid":{"rendered":"https:\/\/www.lux-taxi.com\/contact\/"},"modified":"2025-05-20T09:31:49","modified_gmt":"2025-05-20T09:31:49","slug":"contact-taxi-geneve","status":"publish","type":"page","link":"https:\/\/www.lux-taxi.com\/fr\/contact-taxi-geneve\/","title":{"rendered":"Contact"},"content":{"rendered":"\t\t<div data-elementor-type=\"wp-page\" data-elementor-id=\"8689\" class=\"elementor elementor-8689 elementor-220\" data-elementor-post-type=\"page\">\n\t\t\t\t<div class=\"elementor-element elementor-element-36e5347 e-flex e-con-boxed e-con e-parent\" data-id=\"36e5347\" data-element_type=\"container\" data-e-type=\"container\">\n\t\t\t\t\t<div class=\"e-con-inner\">\n\t\t\t\t<div class=\"elementor-element elementor-element-20c6d5d elementor-widget__width-initial elementor-widget-mobile__width-inherit elementor-widget elementor-widget-luxride-text-editor-v1\" data-id=\"20c6d5d\" data-element_type=\"widget\" data-e-type=\"widget\" data-widget_type=\"luxride-text-editor-v1.default\">\n\t\t\t\t<div class=\"elementor-widget-container\">\n\t\t\t\t\t        <div class=\"position-relative position_p_relative\">\r\n                <h2>R\u00e9servez votre trajet priv\u00e9 en toute simplicit\u00e9<\/h2><p>R\u00e9server votre taxi de luxe \u00e0 Gen\u00e8ve n\u2019a jamais \u00e9t\u00e9 aussi facile. Que vous ayez besoin d\u2019un transfert a\u00e9roport, d\u2019un chauffeur pour vos d\u00e9placements professionnels ou d\u2019un trajet priv\u00e9 pour un \u00e9v\u00e9nement sp\u00e9cial, Lux-Taxi vous offre une exp\u00e9rience de r\u00e9servation fluide.<\/p><p>Utilisez le formulaire en ligne ci-dessous ou contactez-nous directement \u2014 notre \u00e9quipe est disponible 24h\/24 pour vous accompagner.<\/p>            <\/div>\r\n        \t\t\t\t<\/div>\n\t\t\t\t<\/div>\n\t\t\t\t<div class=\"elementor-element elementor-element-a8dc8f3 elementor-widget__width-initial elementor-widget-mobile__width-inherit elementor-widget elementor-widget-luxride-contact-box-widget-v1\" data-id=\"a8dc8f3\" data-element_type=\"widget\" data-e-type=\"widget\" data-widget_type=\"luxride-contact-box-widget-v1.default\">\n\t\t\t\t<div class=\"elementor-widget-container\">\n\t\t\t\t\t        <div class=\"contact-box-widget\"> \n                  \n                <div class=\"icon_boxs mb_30\">    \n                                    <\/div>\n                         \n                        <div class=\"font-18 color-dark mb_20\">Informations de Contact<\/div>\n                                        <div class=\"addres_box\"> \n                                            <p class=\"color-dark text-16 mb_15\">Rte de l'A\u00e9roport 21,\n1215 Gen\u00e8ve, Suisse<\/p>\n                                    <\/div>\n                                        <div class=\"addres_box\"> \n                                            <p class=\"mb_15\"><a href=\"tel:+41766207850\" class=\"color-dark text-16 d-block\">+41 76 620 78 50<\/a><\/p>\n                                    <\/div>\n                                        <div class=\"addres_box\"> \n                                        <p class=\"mb_15\"><a href=\"mailto:info@swissairporttransfers.ch\" class=\"color-dark text-16 d-block\">info@swissairporttransfers.ch<\/a><\/p>\n                                    <\/div>\n                    <\/div>\n        \t\t\t\t<\/div>\n\t\t\t\t<\/div>\n\t\t\t\t\t<\/div>\n\t\t\t\t<\/div>\n\t\t<div class=\"elementor-element elementor-element-72a3ac6 e-grid e-con-boxed e-con e-parent\" data-id=\"72a3ac6\" data-element_type=\"container\" data-e-type=\"container\">\n\t\t\t\t\t<div class=\"e-con-inner\">\n\t\t\t\t<div class=\"elementor-element elementor-element-0ad12c1 elementor-widget elementor-widget-luxride-contact-form-v1\" data-id=\"0ad12c1\" data-element_type=\"widget\" data-e-type=\"widget\" data-widget_type=\"luxride-contact-form-v1.default\">\n\t\t\t\t<div class=\"elementor-widget-container\">\n\t\t\t\t\t<section class=\"contact_form_box_all style_one one_column\">\n<div class=\"wpcf7 no-js\" id=\"wpcf7-f8895-o1\" lang=\"fr-FR\" dir=\"ltr\" data-wpcf7-id=\"8895\">\n<div class=\"screen-reader-response\"><p role=\"status\" aria-live=\"polite\" aria-atomic=\"true\"><\/p> <ul><\/ul><\/div>\n<form action=\"\/fr\/wp-json\/wp\/v2\/pages\/8689#wpcf7-f8895-o1\" method=\"post\" class=\"wpcf7-form init\" aria-label=\"Formulaire de contact\" novalidate=\"novalidate\" data-status=\"init\">\n<fieldset class=\"hidden-fields-container\"><input type=\"hidden\" name=\"_wpcf7\" value=\"8895\" \/><input type=\"hidden\" name=\"_wpcf7_version\" value=\"6.1.5\" \/><input type=\"hidden\" name=\"_wpcf7_locale\" value=\"fr_FR\" \/><input type=\"hidden\" name=\"_wpcf7_unit_tag\" value=\"wpcf7-f8895-o1\" \/><input type=\"hidden\" name=\"_wpcf7_container_post\" value=\"0\" \/><input type=\"hidden\" name=\"_wpcf7_posted_data_hash\" value=\"\" \/>\n<\/fieldset>\n<div class=\"contact_taxi\">\n\t<p><label><br \/>\n<span class=\"wpcf7-form-control-wrap\" data-name=\"name\"><input size=\"40\" maxlength=\"400\" class=\"wpcf7-form-control wpcf7-text wpcf7-validates-as-required\" aria-required=\"true\" aria-invalid=\"false\" placeholder=\"Votre nom\" value=\"\" type=\"text\" name=\"name\" \/><\/span><br \/>\n<\/label>\n\t<\/p>\n<\/div>\n<div class=\"contact_taxi\">\n\t<p><label><br \/>\n<span class=\"wpcf7-form-control-wrap\" data-name=\"phonetext-468\"><input size=\"40\" class=\"wpcf7-form-control wpcf7-phonetext wpcf7-validates-as-required wpcf7-text wpcf7-validates-as-phonetext\" aria-required=\"true\" aria-invalid=\"false\" placeholder=\"T\u00e9l\u00e9phone\" value=\"\" type=\"text\" name=\"phonetext-468\" \/><input type=\"hidden\" name=\"phonetext-468-country-code\" class=\"wpcf7-phonetext-country-code\" \/><\/span><br \/>\n<\/label>\n\t<\/p>\n<\/div>\n<div class=\"contact_taxi\">\n\t<p><label><br \/>\n<span class=\"wpcf7-form-control-wrap\" data-name=\"mailid\"><input size=\"40\" maxlength=\"400\" class=\"wpcf7-form-control wpcf7-email wpcf7-validates-as-required wpcf7-text wpcf7-validates-as-email\" aria-required=\"true\" aria-invalid=\"false\" placeholder=\"example@gmail.com\" value=\"\" type=\"email\" name=\"mailid\" \/><\/span><br \/>\n<\/label>\n\t<\/p>\n<\/div>\n<div class=\"contact_taxi\">\n\t<p><label><br \/>\n<span class=\"wpcf7-form-control-wrap\" data-name=\"textarea-523\"><textarea cols=\"40\" rows=\"10\" maxlength=\"2000\" class=\"wpcf7-form-control wpcf7-textarea wpcf7-validates-as-required\" aria-required=\"true\" aria-invalid=\"false\" placeholder=\"Votre demande\" name=\"textarea-523\"><\/textarea><\/span><br \/>\n<\/label>\n\t<\/p>\n<\/div>\n<div>\n\t<p><span class=\"wpcf7-form-control-wrap\" data-name=\"acceptance-251\"><span class=\"wpcf7-form-control wpcf7-acceptance\"><span class=\"wpcf7-list-item\"><label><input type=\"checkbox\" name=\"acceptance-251\" value=\"1\" aria-invalid=\"false\" \/><span class=\"wpcf7-list-item-label\">En cliquant ici, je d\u00e9clare avoir lu et compris les <a href=\"\/fr\/conditions-generales\/\" title=\"Conditions g\u00e9n\u00e9rales\" target=\"_blank\">conditions g\u00e9n\u00e9rales<\/a>.<\/span><\/label><\/span><\/span><\/span>\n\t<\/p>\n<\/div>\n<div class=\"contact_field form_btn\">\n\t<p><input class=\"wpcf7-form-control wpcf7-submit has-spinner\" type=\"submit\" value=\"Envoyer\" \/>\n\t<\/p>\n<\/div><div class=\"wpcf7-response-output\" aria-hidden=\"true\"><\/div>\n<\/form>\n<\/div>\n<\/section>\t\t\t\t<\/div>\n\t\t\t\t<\/div>\n\t\t\t\t<div class=\"elementor-element elementor-element-d94c409 elementor-widget elementor-widget-google_maps\" data-id=\"d94c409\" data-element_type=\"widget\" data-e-type=\"widget\" data-widget_type=\"google_maps.default\">\n\t\t\t\t<div class=\"elementor-widget-container\">\n\t\t\t\t\t\t\t<div class=\"elementor-custom-embed\">\n\t\t\t<iframe loading=\"lazy\"\n\t\t\t\t\tsrc=\"https:\/\/maps.google.com\/maps?q=Rte%20de%20l%27A%C3%A9roport%2021%2C%201215%20Gen%C3%A8ve%2C%20Switzerland&#038;t=m&#038;z=16&#038;output=embed&#038;iwloc=near\"\n\t\t\t\t\ttitle=\"Rte de l&#039;A\u00e9roport 21, 1215 Gen\u00e8ve, Switzerland\"\n\t\t\t\t\taria-label=\"Rte de l&#039;A\u00e9roport 21, 1215 Gen\u00e8ve, Switzerland\"\n\t\t\t><\/iframe>\n\t\t<\/div>\n\t\t\t\t\t\t<\/div>\n\t\t\t\t<\/div>\n\t\t\t\t\t<\/div>\n\t\t\t\t<\/div>\n\t\t<div class=\"elementor-element elementor-element-c37977d e-flex e-con-boxed e-con e-parent\" data-id=\"c37977d\" data-element_type=\"container\" data-e-type=\"container\">\n\t\t\t\t\t<div class=\"e-con-inner\">\n\t\t\t\t\t<\/div>\n\t\t\t\t<\/div>\n\t\t\t\t<\/div>\n\t\t","protected":false},"excerpt":{"rendered":"<p>R\u00e9servez votre trajet priv\u00e9 en toute simplicit\u00e9 R\u00e9server votre taxi de luxe \u00e0 Gen\u00e8ve n\u2019a jamais \u00e9t\u00e9 aussi facile. Que vous ayez besoin d\u2019un transfert a\u00e9roport, d\u2019un chauffeur pour vos d\u00e9placements professionnels ou d\u2019un trajet priv\u00e9 pour un \u00e9v\u00e9nement sp\u00e9cial, Lux-Taxi vous offre une exp\u00e9rience de r\u00e9servation fluide. Utilisez le formulaire en ligne ci-dessous ou [&hellip;]<\/p>\n","protected":false},"author":1,"featured_media":0,"parent":0,"menu_order":0,"comment_status":"closed","ping_status":"closed","template":"template-fullwidth.php","meta":{"footnotes":""},"class_list":["post-8689","page","type-page","status-publish","hentry"],"aioseo_notices":[],"_links":{"self":[{"href":"https:\/\/www.lux-taxi.com\/fr\/wp-json\/wp\/v2\/pages\/8689","targetHints":{"allow":["GET"]}}],"collection":[{"href":"https:\/\/www.lux-taxi.com\/fr\/wp-json\/wp\/v2\/pages"}],"about":[{"href":"https:\/\/www.lux-taxi.com\/fr\/wp-json\/wp\/v2\/types\/page"}],"author":[{"embeddable":true,"href":"https:\/\/www.lux-taxi.com\/fr\/wp-json\/wp\/v2\/users\/1"}],"replies":[{"embeddable":true,"href":"https:\/\/www.lux-taxi.com\/fr\/wp-json\/wp\/v2\/comments?post=8689"}],"version-history":[{"count":6,"href":"https:\/\/www.lux-taxi.com\/fr\/wp-json\/wp\/v2\/pages\/8689\/revisions"}],"predecessor-version":[{"id":8751,"href":"https:\/\/www.lux-taxi.com\/fr\/wp-json\/wp\/v2\/pages\/8689\/revisions\/8751"}],"wp:attachment":[{"href":"https:\/\/www.lux-taxi.com\/fr\/wp-json\/wp\/v2\/media?parent=8689"}],"curies":[{"name":"wp","href":"https:\/\/api.w.org\/{rel}","templated":true}]}}